{"id":995,"date":"2024-09-23T13:20:54","date_gmt":"2024-09-23T06:20:54","guid":{"rendered":"https:\/\/htxdvnncuuan.com.vn\/?post_type=product&#038;p=995"},"modified":"2024-09-27T10:59:22","modified_gmt":"2024-09-27T03:59:22","slug":"ruou-gao-an-nam","status":"publish","type":"product","link":"https:\/\/htxdvnncuuan.com.vn\/?product=ruou-gao-an-nam","title":{"rendered":"R\u01af\u1ee2U G\u1ea0O AN NAM"},"content":{"rendered":"<p>HTX D\u1ecbch v\u1ee5 N\u00f4ng nghi\u1ec7p C\u1eedu An Sau nhi\u1ec1u l\u1ea7n nghi\u00ean c\u1ee9u v\u00e0 th\u1eed nghi\u1ec7m \u0111\u00e3 ph\u00e1t hi\u1ec7n ra r\u1eb1ng v\u00f9ng \u0111\u1ea5t C\u1eedu An c\u00f3 kh\u00ed h\u1eadu \u00f4n h\u00f2a, \u0111\u1ea5t \u0111ai ph\u00ec nhi\u00eau, h\u1ec7 th\u1ed1ng th\u1ee7y l\u1ee3i thu\u1eadn ti\u1ec7n, r\u1ea5t ph\u00f9 h\u1ee3p cho vi\u1ec7c tr\u1ed3ng l\u00faa. Nh\u1eadn th\u1ea5y ti\u1ec1m n\u0103ng n\u00e0y, HTX \u0111\u00e3 quy\u1ebft t\u00e2m \u0111\u1ea7u t\u01b0 v\u00e0o m\u00f4 h\u00ecnh tr\u1ed3ng l\u00faa hi\u1ec7n \u0111\u1ea1i, t\u1eadn d\u1ee5ng t\u1ed1i \u0111a l\u1ee3i th\u1ebf \u0111\u1ecba ph\u01b0\u01a1ng \u0111\u1ec3 s\u1ea3n xu\u1ea5t ra s\u1ea3n ph\u1ea9m g\u1ea1o ch\u1ea5t l\u01b0\u1ee3ng cao mang t\u00ean G\u1ea1o An Nam.<br \/>\nQuy\u1ebft t\u00e2m \u0111\u01b0a n\u00f4ng s\u1ea3n \u0111\u1ecba ph\u01b0\u01a1ng v\u01b0\u01a1n xa h\u01a1n, HTX \u0111\u00e3 m\u1ea1nh d\u1ea1n \u0111\u1ea7u t\u01b0 v\u00e0o c\u00f4ng ngh\u1ec7 v\u00e0 k\u1ef9 thu\u1eadt canh t\u00e1c ti\u00ean ti\u1ebfn, \u0111\u1ed3ng th\u1eddi \u00e1p d\u1ee5ng quy tr\u00ecnh s\u1ea3n xu\u1ea5t s\u1ea1ch t\u1eeb kh\u00e2u gieo tr\u1ed3ng \u0111\u1ebfn thu ho\u1ea1ch.<br \/>\nS\u1ea3n ph\u1ea9m G\u1ea1o An Nam kh\u00f4ng ch\u1ec9 mang h\u01b0\u01a1ng v\u1ecb \u0111\u1eb7c tr\u01b0ng c\u1ee7a g\u1ea1o Vi\u1ec7t m\u00e0 c\u00f2n l\u00e0 k\u1ebft qu\u1ea3 c\u1ee7a s\u1ef1 k\u1ebft h\u1ee3p ho\u00e0n h\u1ea3o gi\u1eefa \u0111i\u1ec1u ki\u1ec7n t\u1ef1 nhi\u00ean \u01b0u \u0111\u00e3i v\u00e0 t\u00e2m huy\u1ebft c\u1ee7a nh\u1eefng ng\u01b0\u1eddi n\u00f4ng d\u00e2n C\u1eedu An. G\u1ea1o An Nam \u0111\u01b0\u1ee3c s\u1ea3n xu\u1ea5t theo quy tr\u00ecnh nghi\u00eam ng\u1eb7t, \u0111\u1ea3m b\u1ea3o kh\u00f4ng s\u1eed d\u1ee5ng h\u00f3a ch\u1ea5t \u0111\u1ed9c h\u1ea1i, gi\u1eef nguy\u00ean gi\u00e1 tr\u1ecb dinh d\u01b0\u1ee1ng v\u00e0 an to\u00e0n cho s\u1ee9c kh\u1ecfe ng\u01b0\u1eddi ti\u00eau d\u00f9ng \u0111\u1ed3ng th\u1eddi c\u0169ng t\u1ea1o \u0111i\u1ec1u ki\u1ec7n cho b\u00e0 con n\u00f4ng d\u00e2n c\u00f3 ngu\u1ed3n thu nh\u1eadp \u1ed5n \u0111\u1ecbnh.<br \/>\nKhi g\u1ea1o An Nam d\u1ea7n \u0111\u01b0\u1ee3c ng\u01b0\u1eddi ti\u00eau d\u00f9ng tin tr\u01b0\u1edfng l\u1ef1 ch\u1ecdn, HTX D\u1ecbch v\u1ee5 N\u00f4ng nghi\u1ec7p C\u1eedu An c\u0169ng b\u1eaft \u0111\u1ea7u ch\u00fa tr\u1ecdng h\u01a1n v\u00e0o<\/p>\n","protected":false},"excerpt":{"rendered":"<p>HTX D\u1ecbch v\u1ee5 N\u00f4ng nghi\u1ec7p C\u1eedu An Sau nhi\u1ec1u l\u1ea7n nghi\u00ean c\u1ee9u v\u00e0 th\u1eed nghi\u1ec7m \u0111\u00e3 ph\u00e1t hi\u1ec7n ra r\u1eb1ng v\u00f9ng \u0111\u1ea5t C\u1eedu An c\u00f3 kh\u00ed h\u1eadu \u00f4n h\u00f2a, \u0111\u1ea5t \u0111ai ph\u00ec nhi\u00eau, h\u1ec7 th\u1ed1ng th\u1ee7y l\u1ee3i thu\u1eadn ti\u1ec7n, r\u1ea5t ph\u00f9 h\u1ee3p cho vi\u1ec7c tr\u1ed3ng l\u00faa. Nh\u1eadn th\u1ea5y ti\u1ec1m n\u0103ng n\u00e0y, HTX \u0111\u00e3 quy\u1ebft t\u00e2m \u0111\u1ea7u t\u01b0 v\u00e0o m\u00f4 h\u00ecnh tr\u1ed3ng l\u00faa hi\u1ec7n \u0111\u1ea1i, t\u1eadn d\u1ee5ng t\u1ed1i \u0111a l\u1ee3i th\u1ebf \u0111\u1ecba ph\u01b0\u01a1ng \u0111\u1ec3 s\u1ea3n xu\u1ea5t ra s\u1ea3n ph\u1ea9m g\u1ea1o ch\u1ea5t l\u01b0\u1ee3ng cao mang t\u00ean G\u1ea1o An Nam.<\/p>\n","protected":false},"featured_media":996,"comment_status":"closed","ping_status":"closed","template":"","meta":[],"product_cat":[45],"product_tag":[53,51,52],"_links":{"self":[{"href":"https:\/\/htxdvnncuuan.com.vn\/index.php?rest_route=\/wp\/v2\/product\/995"}],"collection":[{"href":"https:\/\/htxdvnncuuan.com.vn\/index.php?rest_route=\/wp\/v2\/product"}],"about":[{"href":"https:\/\/htxdvnncuuan.com.vn\/index.php?rest_route=\/wp\/v2\/types\/product"}],"replies":[{"embeddable":true,"href":"https:\/\/htxdvnncuuan.com.vn\/index.php?rest_route=%2Fwp%2Fv2%2Fcomments&post=995"}],"wp:featuredmedia":[{"embeddable":true,"href":"https:\/\/htxdvnncuuan.com.vn\/index.php?rest_route=\/wp\/v2\/media\/996"}],"wp:attachment":[{"href":"https:\/\/htxdvnncuuan.com.vn\/index.php?rest_route=%2Fwp%2Fv2%2Fmedia&parent=995"}],"wp:term":[{"taxonomy":"product_cat","embeddable":true,"href":"https:\/\/htxdvnncuuan.com.vn\/index.php?rest_route=%2Fwp%2Fv2%2Fproduct_cat&post=995"},{"taxonomy":"product_tag","embeddable":true,"href":"https:\/\/htxdvnncuuan.com.vn\/index.php?rest_route=%2Fwp%2Fv2%2Fproduct_tag&post=995"}],"curies":[{"name":"wp","href":"https:\/\/api.w.org\/{rel}","templated":true}]}}