{"id":925,"date":"2023-09-17T16:02:19","date_gmt":"2023-09-17T09:02:19","guid":{"rendered":"http:\/\/htxdvnncuuan.com.vn\/?post_type=product&#038;p=925"},"modified":"2024-09-27T10:49:40","modified_gmt":"2024-09-27T03:49:40","slug":"mat-ong-280-ml","status":"publish","type":"product","link":"https:\/\/htxdvnncuuan.com.vn\/?product=mat-ong-280-ml","title":{"rendered":"G\u1ea0O AN NAM"},"content":{"rendered":"<p>Sau khi G\u1ea1o An Nam tr\u1edf th\u00e0nh s\u1ea3n ph\u1ea9m quen thu\u1ed9c v\u00e0 \u0111\u01b0\u1ee3c nhi\u1ec1u ng\u01b0\u1eddi tin d\u00f9ng, HTX D\u1ecbch v\u1ee5 N\u00f4ng nghi\u1ec7p C\u1eedu An quy\u1ebft \u0111\u1ecbnh khai th\u00e1c th\u00eam gi\u00e1 tr\u1ecb t\u1eeb nh\u1eefng h\u1ea1t g\u1ea1o ch\u1ea5t l\u01b0\u1ee3ng cao n\u00e0y. T\u1eeb \u0111\u00f3, m\u1ed9t \u00fd t\u01b0\u1edfng m\u1edbi ra \u0111\u1eddi: s\u1ea3n xu\u1ea5t r\u01b0\u1ee3u g\u1ea1o t\u1eeb ch\u00ednh nh\u1eefng h\u1ea1t g\u1ea1o An Nam, t\u1ea1o n\u00ean s\u1ea3n ph\u1ea9m R\u01b0\u1ee3u G\u1ea1o An Nam.<br \/>\nR\u01b0\u1ee3u G\u1ea1o An Nam \u0111\u01b0\u1ee3c ch\u1ebf bi\u1ebfn t\u1eeb nh\u1eefng h\u1ea1t g\u1ea1o \u0111\u01b0\u1ee3c ch\u1ecdn l\u1ecdc k\u1ef9 l\u01b0\u1ee1ng t\u1eeb v\u00f9ng \u0111\u1ea5t C\u1eedu An. Quy tr\u00ecnh \u1ee7 r\u01b0\u1ee3u tu\u00e2n th\u1ee7 theo ph\u01b0\u01a1ng ph\u00e1p truy\u1ec1n th\u1ed1ng, k\u1ebft h\u1ee3p v\u1edbi nh\u1eefng b\u00ed quy\u1ebft ri\u00eang c\u1ee7a ng\u01b0\u1eddi d\u00e2n n\u01a1i \u0111\u00e2y. G\u1ea1o An Nam sau khi \u0111\u01b0\u1ee3c n\u1ea5u ch\u00edn s\u1ebd \u0111\u01b0\u1ee3c \u1ee7 men t\u1ef1 nhi\u00ean trong m\u00f4i tr\u01b0\u1eddng l\u00fd t\u01b0\u1edfng, cho ra lo\u1ea1i r\u01b0\u1ee3u c\u00f3 h\u01b0\u01a1ng th\u01a1m d\u1ecbu nh\u1eb9, v\u1ecb ng\u1ecdt thanh, v\u00e0 mang \u0111\u1ebfn c\u1ea3m gi\u00e1c \u00eam d\u1ecbu khi th\u01b0\u1edfng th\u1ee9c.<br \/>\nHTX C\u1eedu An mu\u1ed1n t\u1ea1o ra m\u1ed9t s\u1ea3n ph\u1ea9m r\u01b0\u1ee3u kh\u00f4ng ch\u1ec9 \u0111\u01a1n thu\u1ea7n l\u00e0 m\u1ed9t s\u1ea3n ph\u1ea9m, m\u00e0 c\u00f2n l\u00e0 bi\u1ec3u t\u01b0\u1ee3ng c\u1ee7a s\u1ef1 \u0111o\u00e0n k\u1ebft v\u00e0 n\u1ed7 l\u1ef1c kh\u00f4ng ng\u1eebng c\u1ee7a ng\u01b0\u1eddi d\u00e2n C\u1eedu An. T\u1eeb nh\u1eefng h\u1ea1t g\u1ea1o \u0111\u01b0\u1ee3c tr\u1ed3ng v\u00e0 ch\u0103m s\u00f3c c\u1ea9n th\u1eadn tr\u00ean nh\u1eefng c\u00e1nh \u0111\u1ed3ng qu\u00ea h\u01b0\u01a1ng, \u0111\u1ebfn quy tr\u00ecnh \u1ee7 r\u01b0\u1ee3u t\u1ec9 m\u1ec9 v\u00e0 kh\u00e9o l\u00e9o, t\u1ea5t c\u1ea3 \u0111\u1ec1u ph\u1ea3n \u00e1nh s\u1ef1 c\u1ea7n c\u00f9, ch\u1ecbu kh\u00f3 v\u00e0 l\u00f2ng y\u00eau ngh\u1ec1 c\u1ee7a b\u00e0 con n\u01a1i \u0111\u00e2y. R\u01b0\u1ee3u G\u1ea1o An Nam \u0111\u00e3 tr\u1edf th\u00e0nh m\u1ed9t m\u00f3n qu\u00e0 \u0111\u1eb7c s\u1ea3n, mang h\u01b0\u01a1ng v\u1ecb \u0111\u1eadm \u0111\u00e0 c\u1ee7a v\u00f9ng \u0111\u1ea5t C\u1eedu An, \u0111\u01b0\u1ee3c nhi\u1ec1u ng\u01b0\u1eddi l\u1ef1a ch\u1ecdn.<br \/>\nV\u1edbi s\u1ef1 ra \u0111\u1eddi c\u1ee7a R\u01b0\u1ee3u G\u1ea1o An Nam, HTX D\u1ecbch v\u1ee5 N\u00f4ng nghi\u1ec7p C\u1eedu An kh\u00f4ng ch\u1ec9 t\u1ea1o ra m\u1ed9t s\u1ea3n ph\u1ea9m m\u1edbi m\u00e0 c\u00f2n m\u1edf ra m\u1ed9t h\u01b0\u1edbng \u0111i m\u1edbi cho vi\u1ec7c ph\u00e1t tri\u1ec3n kinh t\u1ebf \u0111\u1ecba ph\u01b0\u01a1ng. Nh\u1eefng chai r\u01b0\u1ee3u g\u1ea1o mang h\u01b0\u01a1ng v\u1ecb \u0111\u1eadm \u0111\u00e0, th\u01a1m ng\u1ecdt \u0111\u1eb7c tr\u01b0ng c\u1ee7a g\u1ea1o An Nam \u0111\u00e3 nhanh ch\u00f3ng thu h\u00fat s\u1ef1 quan t\u00e2m c\u1ee7a ng\u01b0\u1eddi ti\u00eau d\u00f9ng. HTX c\u0169ng kh\u00f4ng ng\u1eebng c\u1ea3i ti\u1ebfn v\u00e0 ho\u00e0n thi\u1ec7n quy tr\u00ecnh s\u1ea3n xu\u1ea5t r\u01b0\u1ee3u g\u1ea1o. C\u00e1c th\u00e0nh vi\u00ean c\u1ee7a HTX th\u01b0\u1eddng xuy\u00ean h\u1ecdc h\u1ecfi, \u00e1p d\u1ee5ng nh\u1eefng ti\u1ebfn b\u1ed9 khoa h\u1ecdc k\u1ef9 thu\u1eadt v\u00e0o qu\u00e1 tr\u00ecnh \u1ee7 r\u01b0\u1ee3u \u0111\u1ec3 \u0111\u1ea3m b\u1ea3o ch\u1ea5t l\u01b0\u1ee3ng s\u1ea3n ph\u1ea9m lu\u00f4n \u1ed5n \u0111\u1ecbnh v\u00e0 ng\u00e0y c\u00e0ng ho\u00e0n thi\u1ec7n h\u01a1n. H\u1ecd c\u0169ng ch\u00fa tr\u1ecdng \u0111\u1ebfn vi\u1ec7c x\u00e2y d\u1ef1ng th\u01b0\u01a1ng hi\u1ec7u, thi\u1ebft k\u1ebf bao b\u00ec \u0111\u1eb9p m\u1eaft v\u00e0 b\u1eaft m\u1eaft h\u01a1n, gi\u00fap s\u1ea3n ph\u1ea9m d\u1ec5 d\u00e0ng ti\u1ebfp c\u1eadn th\u1ecb tr\u01b0\u1eddng h\u01a1n.<br \/>\nV\u1edbi s\u1ef1 th\u00e0nh c\u00f4ng c\u1ee7a G\u1ea1o An Nam v\u00e0 R\u01b0\u1ee3u G\u1ea1o An Nam, HTX D\u1ecbch v\u1ee5 N\u00f4ng nghi\u1ec7p C\u1eedu An \u0111\u00e3 kh\u1eb3ng \u0111\u1ecbnh \u0111\u01b0\u1ee3c th\u01b0\u01a1ng hi\u1ec7u c\u1ee7a m\u00ecnh, \u0111\u1ed3ng th\u1eddi n\u00e2ng cao gi\u00e1 tr\u1ecb s\u1ea3n ph\u1ea9m n\u00f4ng nghi\u1ec7p c\u1ee7a \u0111\u1ecba ph\u01b0\u01a1ng. Nh\u1eefng s\u1ea3n ph\u1ea9m n\u00e0y kh\u00f4ng ch\u1ec9 l\u00e0 ngu\u1ed3n thu nh\u1eadp m\u00e0 c\u00f2n l\u00e0 ni\u1ec1m t\u1ef1 h\u00e0o c\u1ee7a ng\u01b0\u1eddi d\u00e2n C\u1eedu An, g\u00f3p ph\u1ea7n v\u00e0o s\u1ef1 ph\u00e1t tri\u1ec3n b\u1ec1n v\u1eefng c\u1ee7a v\u00f9ng \u0111\u1ea5t n\u00e0y.<\/p>\n","protected":false},"excerpt":{"rendered":"<p>S\u1ea3n ph\u1ea9m G\u1ea1o An Nam kh\u00f4ng ch\u1ec9 mang h\u01b0\u01a1ng v\u1ecb \u0111\u1eb7c tr\u01b0ng c\u1ee7a g\u1ea1o Vi\u1ec7t m\u00e0 c\u00f2n l\u00e0 k\u1ebft qu\u1ea3 c\u1ee7a s\u1ef1 k\u1ebft h\u1ee3p ho\u00e0n h\u1ea3o gi\u1eefa \u0111i\u1ec1u ki\u1ec7n t\u1ef1 nhi\u00ean \u01b0u \u0111\u00e3i v\u00e0 t\u00e2m huy\u1ebft c\u1ee7a nh\u1eefng ng\u01b0\u1eddi n\u00f4ng d\u00e2n C\u1eedu An. G\u1ea1o An Nam \u0111\u01b0\u1ee3c s\u1ea3n xu\u1ea5t theo quy tr\u00ecnh nghi\u00eam ng\u1eb7t, \u0111\u1ea3m b\u1ea3o kh\u00f4ng s\u1eed d\u1ee5ng h\u00f3a ch\u1ea5t \u0111\u1ed9c h\u1ea1i, gi\u1eef nguy\u00ean gi\u00e1 tr\u1ecb dinh d\u01b0\u1ee1ng v\u00e0 an to\u00e0n cho s\u1ee9c kh\u1ecfe ng\u01b0\u1eddi ti\u00eau d\u00f9ng \u0111\u1ed3ng th\u1eddi c\u0169ng t\u1ea1o \u0111i\u1ec1u ki\u1ec7n cho b\u00e0 con n\u00f4ng d\u00e2n c\u00f3 ngu\u1ed3n thu nh\u1eadp \u1ed5n \u0111\u1ecbnh<\/p>\n","protected":false},"featured_media":1006,"comment_status":"closed","ping_status":"closed","template":"","meta":[],"product_cat":[15],"product_tag":[54],"_links":{"self":[{"href":"https:\/\/htxdvnncuuan.com.vn\/index.php?rest_route=\/wp\/v2\/product\/925"}],"collection":[{"href":"https:\/\/htxdvnncuuan.com.vn\/index.php?rest_route=\/wp\/v2\/product"}],"about":[{"href":"https:\/\/htxdvnncuuan.com.vn\/index.php?rest_route=\/wp\/v2\/types\/product"}],"replies":[{"embeddable":true,"href":"https:\/\/htxdvnncuuan.com.vn\/index.php?rest_route=%2Fwp%2Fv2%2Fcomments&post=925"}],"wp:featuredmedia":[{"embeddable":true,"href":"https:\/\/htxdvnncuuan.com.vn\/index.php?rest_route=\/wp\/v2\/media\/1006"}],"wp:attachment":[{"href":"https:\/\/htxdvnncuuan.com.vn\/index.php?rest_route=%2Fwp%2Fv2%2Fmedia&parent=925"}],"wp:term":[{"taxonomy":"product_cat","embeddable":true,"href":"https:\/\/htxdvnncuuan.com.vn\/index.php?rest_route=%2Fwp%2Fv2%2Fproduct_cat&post=925"},{"taxonomy":"product_tag","embeddable":true,"href":"https:\/\/htxdvnncuuan.com.vn\/index.php?rest_route=%2Fwp%2Fv2%2Fproduct_tag&post=925"}],"curies":[{"name":"wp","href":"https:\/\/api.w.org\/{rel}","templated":true}]}}