{"id":2,"date":"2019-01-15T12:24:48","date_gmt":"2019-01-15T12:24:48","guid":{"rendered":"http:\/\/htxdvnncuuan.com.vn\/?page_id=2"},"modified":"2024-10-22T10:49:28","modified_gmt":"2024-10-22T03:49:28","slug":"trang-chu","status":"publish","type":"page","link":"https:\/\/htxdvnncuuan.com.vn\/","title":{"rendered":"Trang ch\u1ee7"},"content":{"rendered":"<div class=\"slider-wrapper relative\" id=\"slider-2018495509\" >\n    <div class=\"slider slider-nav-dots-simple slider-nav-simple slider-nav-normal slider-nav-light slider-style-normal\"\n        data-flickity-options='{\n            \"cellAlign\": \"center\",\n            \"imagesLoaded\": true,\n            \"lazyLoad\": 1,\n            \"freeScroll\": false,\n            \"wrapAround\": true,\n            \"autoPlay\": 6000,\n            \"pauseAutoPlayOnHover\" : true,\n            \"prevNextButtons\": true,\n            \"contain\" : true,\n            \"adaptiveHeight\" : true,\n            \"dragThreshold\" : 10,\n            \"percentPosition\": true,\n            \"pageDots\": true,\n            \"rightToLeft\": false,\n            \"draggable\": true,\n            \"selectedAttraction\": 0.1,\n            \"parallax\" : 0,\n            \"friction\": 0.6        }'\n        >\n        \n\t<div class=\"img has-hover x md-x lg-x y md-y lg-y\" id=\"image_1448904242\">\n\t\t\t\t\t\t\t\t<div class=\"img-inner dark\" >\n\t\t\t<img width=\"1280\" height=\"720\" src=\"https:\/\/htxdvnncuuan.com.vn\/wp-content\/uploads\/2024\/09\/banner1.jpg\" class=\"attachment-original size-original\" alt=\"\" decoding=\"async\" loading=\"lazy\" srcset=\"https:\/\/htxdvnncuuan.com.vn\/wp-content\/uploads\/2024\/09\/banner1.jpg 1280w, https:\/\/htxdvnncuuan.com.vn\/wp-content\/uploads\/2024\/09\/banner1-768x432.jpg 768w, https:\/\/htxdvnncuuan.com.vn\/wp-content\/uploads\/2024\/09\/banner1-510x287.jpg 510w\" sizes=\"(max-width: 1280px) 100vw, 1280px\" \/>\t\t\t\t\t\t\n\t\t\t\t\t<\/div>\n\t\t\t\t\t\t\t\t\n<style>\n#image_1448904242 {\n  width: 100%;\n}\n<\/style>\n\t<\/div>\n\t\n\t<div class=\"img has-hover x md-x lg-x y md-y lg-y\" id=\"image_1340704711\">\n\t\t\t\t\t\t\t\t<div class=\"img-inner dark\" >\n\t\t\t<img width=\"1280\" height=\"720\" src=\"https:\/\/htxdvnncuuan.com.vn\/wp-content\/uploads\/2024\/09\/banner2.jpg\" class=\"attachment-large size-large\" alt=\"\" decoding=\"async\" loading=\"lazy\" srcset=\"https:\/\/htxdvnncuuan.com.vn\/wp-content\/uploads\/2024\/09\/banner2.jpg 1280w, https:\/\/htxdvnncuuan.com.vn\/wp-content\/uploads\/2024\/09\/banner2-768x432.jpg 768w, https:\/\/htxdvnncuuan.com.vn\/wp-content\/uploads\/2024\/09\/banner2-510x287.jpg 510w\" sizes=\"(max-width: 1280px) 100vw, 1280px\" \/>\t\t\t\t\t\t\n\t\t\t\t\t<\/div>\n\t\t\t\t\t\t\t\t\n<style>\n#image_1340704711 {\n  width: 100%;\n}\n<\/style>\n\t<\/div>\n\t\n     <\/div>\n\n     <div class=\"loading-spin dark large centered\"><\/div>\n\n\t<\/div>\n\n\n\t<section class=\"section tin-tuc\" id=\"section_380137554\">\n\t\t<div class=\"bg section-bg fill bg-fill bg-loaded \" >\n\n\t\t\t\n\t\t\t\n\t\t\t\n\n\t\t<\/div>\n\n\t\t\n\n\t\t<div class=\"section-content relative\">\n\t\t\t\n<div class=\"row\"  id=\"row-2104467848\">\n\n\t<div id=\"col-1705700383\" class=\"col cot8 small-12 large-12\"  >\n\t\t\t\t<div class=\"col-inner text-center\"  >\n\t\t\t\n\t\t\t\n<div class=\"container section-title-container\" ><h3 class=\"section-title section-title-center\"><b><\/b><span class=\"section-title-main\" style=\"font-size:125%;color:rgb(223, 55, 57);\">C\u00c2U CHUY\u1ec6N S\u1ea2N PH\u1ea8M<\/span><b><\/b><\/h3><\/div>\n\t<div id=\"gap-165875976\" class=\"gap-element clearfix\" style=\"display:block; height:auto;\">\n\t\t\n<style>\n#gap-165875976 {\n  padding-top: 18px;\n}\n<\/style>\n\t<\/div>\n\t\n\n  \n    <div class=\"row large-columns-3 medium-columns-1 small-columns-1 row-small\" >\n  <div class=\"col post-item\" data-animate=\"fadeInLeft\">\n\t\t\t<div class=\"col-inner\">\n\t\t\t\t<div class=\"box box-normal box-text-bottom box-blog-post has-hover\">\n            \t\t\t\t\t<div class=\"box-image\" >\n  \t\t\t\t\t\t<div class=\"image-overlay-add image-cover\" style=\"padding-top:59%;\">\n\t\t\t\t\t\t\t<a href=\"https:\/\/htxdvnncuuan.com.vn\/?p=984\" class=\"plain\" aria-label=\"C\u00c2U CHUY\u1ec6N S\u1ea2N PH\u1ea8M B\u00c1NH TR\u00c1NG G\u1ea0O AN NAM\">\n\t\t\t\t\t\t\t\t<img width=\"960\" height=\"1280\" src=\"https:\/\/htxdvnncuuan.com.vn\/wp-content\/uploads\/2024\/09\/Gao-1.jpg\" class=\"attachment-original size-original wp-post-image\" alt=\"\" decoding=\"async\" loading=\"lazy\" srcset=\"https:\/\/htxdvnncuuan.com.vn\/wp-content\/uploads\/2024\/09\/Gao-1.jpg 960w, https:\/\/htxdvnncuuan.com.vn\/wp-content\/uploads\/2024\/09\/Gao-1-768x1024.jpg 768w, https:\/\/htxdvnncuuan.com.vn\/wp-content\/uploads\/2024\/09\/Gao-1-510x680.jpg 510w\" sizes=\"(max-width: 960px) 100vw, 960px\" \/>\t\t\t\t\t\t\t<\/a>\n  \t\t\t\t\t\t\t<div class=\"overlay\" style=\"background-color: rgba(255, 255, 255, 0.28)\"><\/div>  \t\t\t\t\t\t\t  \t\t\t\t\t\t<\/div>\n  \t\t\t\t\t\t  \t\t\t\t\t<\/div>\n          \t\t\t\t\t<div class=\"box-text text-left\" >\n\t\t\t\t\t<div class=\"box-text-inner blog-post-inner\">\n\n\t\t\t\t\t\n\t\t\t\t\t\t\t\t\t\t<h5 class=\"post-title is-large \">\n\t\t\t\t\t\t<a href=\"https:\/\/htxdvnncuuan.com.vn\/?p=984\" class=\"plain\">C\u00c2U CHUY\u1ec6N S\u1ea2N PH\u1ea8M B\u00c1NH TR\u00c1NG G\u1ea0O AN NAM<\/a>\n\t\t\t\t\t<\/h5>\n\t\t\t\t\t<div class=\"post-meta is-small op-8\">23\/09\/2024<\/div>\t\t\t\t\t<div class=\"is-divider\"><\/div>\n\t\t\t\t\t\t\t\t\t\t<p class=\"from_the_blog_excerpt \">Ch\u1ecb Nguy\u1ec5n Th\u1ecb H\u1ed3ng Huy \u2013 th\u00e0nh vi\u00ean HTX DV NN C\u1eedu An l\u00e0 ng\u01b0\u1eddi con B\u00ecnh \u0110\u1ecbnh, n\u01a1i m\u00e0 ngh\u1ec1 ...\t\t\t\t\t<\/p>\n\t\t\t\t\t                    \n\t\t\t\t\t\n\t\t\t\t\t\n\t\t\t\t\t<\/div>\n\t\t\t\t\t<\/div>\n\t\t\t\t\t\t\t\t\t<\/div>\n\t\t\t<\/div>\n\t\t<\/div><div class=\"col post-item\" data-animate=\"fadeInLeft\">\n\t\t\t<div class=\"col-inner\">\n\t\t\t\t<div class=\"box box-normal box-text-bottom box-blog-post has-hover\">\n            \t\t\t\t\t<div class=\"box-image\" >\n  \t\t\t\t\t\t<div class=\"image-overlay-add image-cover\" style=\"padding-top:59%;\">\n\t\t\t\t\t\t\t<a href=\"https:\/\/htxdvnncuuan.com.vn\/?p=980\" class=\"plain\" aria-label=\"C\u00c2U CHUY\u1ec6N S\u1ea2N PH\u1ea8M R\u01af\u1ee2U G\u1ea0O AN NAM\">\n\t\t\t\t\t\t\t\t<img width=\"500\" height=\"500\" src=\"https:\/\/htxdvnncuuan.com.vn\/wp-content\/uploads\/2024\/09\/ruou.png\" class=\"attachment-original size-original wp-post-image\" alt=\"\" decoding=\"async\" loading=\"lazy\" srcset=\"https:\/\/htxdvnncuuan.com.vn\/wp-content\/uploads\/2024\/09\/ruou.png 500w, https:\/\/htxdvnncuuan.com.vn\/wp-content\/uploads\/2024\/09\/ruou-400x400.png 400w, https:\/\/htxdvnncuuan.com.vn\/wp-content\/uploads\/2024\/09\/ruou-100x100.png 100w\" sizes=\"(max-width: 500px) 100vw, 500px\" \/>\t\t\t\t\t\t\t<\/a>\n  \t\t\t\t\t\t\t<div class=\"overlay\" style=\"background-color: rgba(255, 255, 255, 0.28)\"><\/div>  \t\t\t\t\t\t\t  \t\t\t\t\t\t<\/div>\n  \t\t\t\t\t\t  \t\t\t\t\t<\/div>\n          \t\t\t\t\t<div class=\"box-text text-left\" >\n\t\t\t\t\t<div class=\"box-text-inner blog-post-inner\">\n\n\t\t\t\t\t\n\t\t\t\t\t\t\t\t\t\t<h5 class=\"post-title is-large \">\n\t\t\t\t\t\t<a href=\"https:\/\/htxdvnncuuan.com.vn\/?p=980\" class=\"plain\">C\u00c2U CHUY\u1ec6N S\u1ea2N PH\u1ea8M R\u01af\u1ee2U G\u1ea0O AN NAM<\/a>\n\t\t\t\t\t<\/h5>\n\t\t\t\t\t<div class=\"post-meta is-small op-8\">23\/09\/2024<\/div>\t\t\t\t\t<div class=\"is-divider\"><\/div>\n\t\t\t\t\t\t\t\t\t\t<p class=\"from_the_blog_excerpt \">Sau khi G\u1ea1o An Nam tr\u1edf th\u00e0nh s\u1ea3n ph\u1ea9m quen thu\u1ed9c v\u00e0 \u0111\u01b0\u1ee3c nhi\u1ec1u ng\u01b0\u1eddi tin d\u00f9ng, HTX D\u1ecbch v\u1ee5 N\u00f4ng ...\t\t\t\t\t<\/p>\n\t\t\t\t\t                    \n\t\t\t\t\t\n\t\t\t\t\t\n\t\t\t\t\t<\/div>\n\t\t\t\t\t<\/div>\n\t\t\t\t\t\t\t\t\t<\/div>\n\t\t\t<\/div>\n\t\t<\/div><div class=\"col post-item\" data-animate=\"fadeInLeft\">\n\t\t\t<div class=\"col-inner\">\n\t\t\t\t<div class=\"box box-normal box-text-bottom box-blog-post has-hover\">\n            \t\t\t\t\t<div class=\"box-image\" >\n  \t\t\t\t\t\t<div class=\"image-overlay-add image-cover\" style=\"padding-top:59%;\">\n\t\t\t\t\t\t\t<a href=\"https:\/\/htxdvnncuuan.com.vn\/?p=977\" class=\"plain\" aria-label=\"C\u00c2U CHUY\u1ec6N S\u1ea2N PH\u1ea8M G\u1ea0O AN NAM\">\n\t\t\t\t\t\t\t\t<img width=\"275\" height=\"183\" src=\"https:\/\/htxdvnncuuan.com.vn\/wp-content\/uploads\/2024\/09\/gao.png\" class=\"attachment-original size-original wp-post-image\" alt=\"\" decoding=\"async\" loading=\"lazy\" \/>\t\t\t\t\t\t\t<\/a>\n  \t\t\t\t\t\t\t<div class=\"overlay\" style=\"background-color: rgba(255, 255, 255, 0.28)\"><\/div>  \t\t\t\t\t\t\t  \t\t\t\t\t\t<\/div>\n  \t\t\t\t\t\t  \t\t\t\t\t<\/div>\n          \t\t\t\t\t<div class=\"box-text text-left\" >\n\t\t\t\t\t<div class=\"box-text-inner blog-post-inner\">\n\n\t\t\t\t\t\n\t\t\t\t\t\t\t\t\t\t<h5 class=\"post-title is-large \">\n\t\t\t\t\t\t<a href=\"https:\/\/htxdvnncuuan.com.vn\/?p=977\" class=\"plain\">C\u00c2U CHUY\u1ec6N S\u1ea2N PH\u1ea8M G\u1ea0O AN NAM<\/a>\n\t\t\t\t\t<\/h5>\n\t\t\t\t\t<div class=\"post-meta is-small op-8\">23\/09\/2024<\/div>\t\t\t\t\t<div class=\"is-divider\"><\/div>\n\t\t\t\t\t\t\t\t\t\t<p class=\"from_the_blog_excerpt \">HTX D\u1ecbch v\u1ee5 N\u00f4ng nghi\u1ec7p C\u1eedu An Sau nhi\u1ec1u l\u1ea7n nghi\u00ean c\u1ee9u v\u00e0 th\u1eed nghi\u1ec7m \u0111\u00e3 ph\u00e1t hi\u1ec7n ra r\u1eb1ng v\u00f9ng ...\t\t\t\t\t<\/p>\n\t\t\t\t\t                    \n\t\t\t\t\t\n\t\t\t\t\t\n\t\t\t\t\t<\/div>\n\t\t\t\t\t<\/div>\n\t\t\t\t\t\t\t\t\t<\/div>\n\t\t\t<\/div>\n\t\t<\/div><\/div>\n\t<div id=\"gap-2028713085\" class=\"gap-element clearfix\" style=\"display:block; height:auto;\">\n\t\t\n<style>\n#gap-2028713085 {\n  padding-top: 19px;\n}\n<\/style>\n\t<\/div>\n\t\n<a href=\"\/category\/tin-tuc\/\" target=\"_self\" class=\"button primary lowercase\"  style=\"border-radius:99px;\">\n    <span>+ Xem th\u00eam c\u00e1c b\u00e0i vi\u1ebft<\/span>\n  <\/a>\n\n\t\t<\/div>\n\t\t\t\t\t<\/div>\n\n\t\n<\/div>\n\t\t<\/div>\n\n\t\t\n<style>\n#section_380137554 {\n  padding-top: 30px;\n  padding-bottom: 30px;\n  background-color: rgb(243, 243, 243);\n}\n#section_380137554 .section-bg.bg-loaded {\n  background-image: 943;\n}\n<\/style>\n\t<\/section>\n\t\n\t<section class=\"section san-pham\" id=\"section_781257583\">\n\t\t<div class=\"bg section-bg fill bg-fill bg-loaded bg-loaded\" >\n\n\t\t\t\n\t\t\t\n\t\t\t\n\n\t\t<\/div>\n\n\t\t\n\n\t\t<div class=\"section-content relative\">\n\t\t\t\n<div class=\"row\"  id=\"row-1999379987\">\n\n\t<div id=\"col-1876032468\" class=\"col small-12 large-12\"  >\n\t\t\t\t<div class=\"col-inner text-center\"  >\n\t\t\t\n\t\t\t\n<div class=\"container section-title-container\" ><h3 class=\"section-title section-title-center\"><b><\/b><span class=\"section-title-main\" style=\"font-size:150%;color:rgb(223, 55, 57);\">S\u1ea2N PH\u1ea8M C\u1ee6A CH\u00daNG T\u00d4I<\/span><b><\/b><\/h3><\/div>\n\t<div id=\"gap-969000477\" class=\"gap-element clearfix\" style=\"display:block; height:auto;\">\n\t\t\n<style>\n#gap-969000477 {\n  padding-top: 10px;\n}\n<\/style>\n\t<\/div>\n\t\n\n  \n    <div class=\"row large-columns-3 medium-columns- small-columns-2 row-normal\" >\n  \t\n\t     <div class=\"col\" >\n\t\t\t\t\t\t<div class=\"col-inner\">\n\t\t\t\t\t\t\n<div class=\"badge-container absolute left top z-1\">\n\n<\/div>\n\t\t\t\t\t\t<div class=\"product-small box has-hover box-normal box-text-bottom\">\n\t\t\t\t\t\t\t<div class=\"box-image\" >\n\t\t\t\t\t\t\t\t<div class=\"image-overlay-add image-cover\" style=\"padding-top:105%;\">\n\t\t\t\t\t\t\t\t\t<a href=\"https:\/\/htxdvnncuuan.com.vn\/?product=mat-ong-280-ml\" aria-label=\"G\u1ea0O AN NAM\">\n\t\t\t\t\t\t\t\t\t\t<img width=\"400\" height=\"400\" src=\"https:\/\/htxdvnncuuan.com.vn\/wp-content\/uploads\/2023\/09\/Gao-1-400x400.jpg\" class=\"show-on-hover absolute fill hide-for-small back-image\" alt=\"G\u1ea0O AN NAM\" decoding=\"async\" loading=\"lazy\" srcset=\"https:\/\/htxdvnncuuan.com.vn\/wp-content\/uploads\/2023\/09\/Gao-1-400x400.jpg 400w, https:\/\/htxdvnncuuan.com.vn\/wp-content\/uploads\/2023\/09\/Gao-1-100x100.jpg 100w\" sizes=\"(max-width: 400px) 100vw, 400px\" title=\"G\u1ea0O AN NAM\" \/><img width=\"1280\" height=\"960\" src=\"https:\/\/htxdvnncuuan.com.vn\/wp-content\/uploads\/2023\/09\/Gao-1-2.jpg\" class=\"attachment-original size-original\" alt=\"G\u1ea0O AN NAM\" decoding=\"async\" loading=\"lazy\" srcset=\"https:\/\/htxdvnncuuan.com.vn\/wp-content\/uploads\/2023\/09\/Gao-1-2.jpg 1280w, https:\/\/htxdvnncuuan.com.vn\/wp-content\/uploads\/2023\/09\/Gao-1-2-768x576.jpg 768w, https:\/\/htxdvnncuuan.com.vn\/wp-content\/uploads\/2023\/09\/Gao-1-2-510x383.jpg 510w\" sizes=\"(max-width: 1280px) 100vw, 1280px\" title=\"G\u1ea0O AN NAM\" \/>\t\t\t\t\t\t\t\t\t<\/a>\n\t\t\t\t\t\t\t\t\t<div class=\"overlay fill\" style=\"background-color: rgba(255, 255, 255, 0.28)\"><\/div>\t\t\t\t\t\t\t\t\t \t\t\t\t\t\t\t\t<\/div>\n\t\t\t\t\t\t\t\t<div class=\"image-tools top right show-on-hover\">\n\t\t\t\t\t\t\t\t\t\t\t\t\t\t\t\t\t<\/div>\n\t\t\t\t\t\t\t\t\t\t\t\t\t\t\t\t\t<div class=\"image-tools grid-tools text-center hide-for-small bottom hover-slide-in show-on-hover\">\n\t\t\t\t\t\t\t\t\t\t\t\t\t\t\t\t\t\t\t<\/div>\n\t\t\t\t\t\t\t\t\t\t\t\t\t\t\t\t\t\t\t\t\t\t\t<\/div>\n\n\t\t\t\t\t\t\t<div class=\"box-text text-center\" >\n\t\t\t\t\t\t\t\t<div class=\"title-wrapper\"><p class=\"name product-title woocommerce-loop-product__title\"><a href=\"https:\/\/htxdvnncuuan.com.vn\/?product=mat-ong-280-ml\" class=\"woocommerce-LoopProduct-link woocommerce-loop-product__link\">G\u1ea0O AN NAM<\/a><\/p><\/div><div class=\"price-wrapper\">\n<\/div><div class=\"add-to-cart-button\"><a href=\"https:\/\/htxdvnncuuan.com.vn\/?product=mat-ong-280-ml\" data-quantity=\"1\" class=\"primary is-small mb-0 button product_type_simple is-flat\" data-product_id=\"925\" data-product_sku=\"\" aria-label=\"\u0110\u1ecdc th\u00eam v\u1ec1 &ldquo;G\u1ea0O AN NAM&rdquo;\" aria-describedby=\"\" rel=\"nofollow\">\u0110\u1ecdc ti\u1ebfp<\/a><\/div>\t\t\t\t\t\t\t<\/div>\n\t\t\t\t\t\t<\/div>\n\t\t\t\t\t\t<\/div>\n\t\t\t\t\t<\/div><div class=\"col\" >\n\t\t\t\t\t\t<div class=\"col-inner\">\n\t\t\t\t\t\t\n<div class=\"badge-container absolute left top z-1\">\n\n<\/div>\n\t\t\t\t\t\t<div class=\"product-small box has-hover box-normal box-text-bottom\">\n\t\t\t\t\t\t\t<div class=\"box-image\" >\n\t\t\t\t\t\t\t\t<div class=\"image-overlay-add image-cover\" style=\"padding-top:105%;\">\n\t\t\t\t\t\t\t\t\t<a href=\"https:\/\/htxdvnncuuan.com.vn\/?product=ca-phe-linh-chi-250g\" aria-label=\"B\u00c1NH TR\u00c1NG G\u1ea0O AN NAM\">\n\t\t\t\t\t\t\t\t\t\t<img width=\"400\" height=\"400\" src=\"https:\/\/htxdvnncuuan.com.vn\/wp-content\/uploads\/2023\/09\/Bnahs-2-400x400.jpg\" class=\"show-on-hover absolute fill hide-for-small back-image\" alt=\"B\u00c1NH TR\u00c1NG G\u1ea0O AN NAM\" decoding=\"async\" loading=\"lazy\" srcset=\"https:\/\/htxdvnncuuan.com.vn\/wp-content\/uploads\/2023\/09\/Bnahs-2-400x400.jpg 400w, https:\/\/htxdvnncuuan.com.vn\/wp-content\/uploads\/2023\/09\/Bnahs-2-100x100.jpg 100w\" sizes=\"(max-width: 400px) 100vw, 400px\" title=\"B\u00c1NH TR\u00c1NG G\u1ea0O AN NAM\" \/><img width=\"960\" height=\"1280\" src=\"https:\/\/htxdvnncuuan.com.vn\/wp-content\/uploads\/2023\/09\/Banh-1-1.jpg\" class=\"attachment-original size-original\" alt=\"B\u00c1NH TR\u00c1NG G\u1ea0O AN NAM\" decoding=\"async\" loading=\"lazy\" srcset=\"https:\/\/htxdvnncuuan.com.vn\/wp-content\/uploads\/2023\/09\/Banh-1-1.jpg 960w, https:\/\/htxdvnncuuan.com.vn\/wp-content\/uploads\/2023\/09\/Banh-1-1-768x1024.jpg 768w, https:\/\/htxdvnncuuan.com.vn\/wp-content\/uploads\/2023\/09\/Banh-1-1-510x680.jpg 510w\" sizes=\"(max-width: 960px) 100vw, 960px\" title=\"B\u00c1NH TR\u00c1NG G\u1ea0O AN NAM\" \/>\t\t\t\t\t\t\t\t\t<\/a>\n\t\t\t\t\t\t\t\t\t<div class=\"overlay fill\" style=\"background-color: rgba(255, 255, 255, 0.28)\"><\/div>\t\t\t\t\t\t\t\t\t \t\t\t\t\t\t\t\t<\/div>\n\t\t\t\t\t\t\t\t<div class=\"image-tools top right show-on-hover\">\n\t\t\t\t\t\t\t\t\t\t\t\t\t\t\t\t\t<\/div>\n\t\t\t\t\t\t\t\t\t\t\t\t\t\t\t\t\t<div class=\"image-tools grid-tools text-center hide-for-small bottom hover-slide-in show-on-hover\">\n\t\t\t\t\t\t\t\t\t\t\t\t\t\t\t\t\t\t\t<\/div>\n\t\t\t\t\t\t\t\t\t\t\t\t\t\t\t\t\t\t\t\t\t\t\t<\/div>\n\n\t\t\t\t\t\t\t<div class=\"box-text text-center\" >\n\t\t\t\t\t\t\t\t<div class=\"title-wrapper\"><p class=\"name product-title woocommerce-loop-product__title\"><a href=\"https:\/\/htxdvnncuuan.com.vn\/?product=ca-phe-linh-chi-250g\" class=\"woocommerce-LoopProduct-link woocommerce-loop-product__link\">B\u00c1NH TR\u00c1NG G\u1ea0O AN NAM<\/a><\/p><\/div><div class=\"price-wrapper\">\n<\/div><div class=\"add-to-cart-button\"><a href=\"https:\/\/htxdvnncuuan.com.vn\/?product=ca-phe-linh-chi-250g\" data-quantity=\"1\" class=\"primary is-small mb-0 button product_type_simple is-flat\" data-product_id=\"929\" data-product_sku=\"\" aria-label=\"\u0110\u1ecdc th\u00eam v\u1ec1 &ldquo;B\u00c1NH TR\u00c1NG G\u1ea0O AN NAM&rdquo;\" aria-describedby=\"\" rel=\"nofollow\">\u0110\u1ecdc ti\u1ebfp<\/a><\/div>\t\t\t\t\t\t\t<\/div>\n\t\t\t\t\t\t<\/div>\n\t\t\t\t\t\t<\/div>\n\t\t\t\t\t<\/div><div class=\"col\" >\n\t\t\t\t\t\t<div class=\"col-inner\">\n\t\t\t\t\t\t\n<div class=\"badge-container absolute left top z-1\">\n\n<\/div>\n\t\t\t\t\t\t<div class=\"product-small box has-hover box-normal box-text-bottom\">\n\t\t\t\t\t\t\t<div class=\"box-image\" >\n\t\t\t\t\t\t\t\t<div class=\"image-overlay-add image-cover\" style=\"padding-top:105%;\">\n\t\t\t\t\t\t\t\t\t<a href=\"https:\/\/htxdvnncuuan.com.vn\/?product=ruou-gao-an-nam\" aria-label=\"R\u01af\u1ee2U G\u1ea0O AN NAM\">\n\t\t\t\t\t\t\t\t\t\t<img width=\"400\" height=\"400\" src=\"https:\/\/htxdvnncuuan.com.vn\/wp-content\/uploads\/2024\/09\/ruou-1-2-400x400.jpg\" class=\"show-on-hover absolute fill hide-for-small back-image\" alt=\"R\u01af\u1ee2U G\u1ea0O AN NAM\" decoding=\"async\" loading=\"lazy\" srcset=\"https:\/\/htxdvnncuuan.com.vn\/wp-content\/uploads\/2024\/09\/ruou-1-2-400x400.jpg 400w, https:\/\/htxdvnncuuan.com.vn\/wp-content\/uploads\/2024\/09\/ruou-1-2-100x100.jpg 100w\" sizes=\"(max-width: 400px) 100vw, 400px\" title=\"R\u01af\u1ee2U G\u1ea0O AN NAM\" \/><img width=\"960\" height=\"1280\" src=\"https:\/\/htxdvnncuuan.com.vn\/wp-content\/uploads\/2024\/09\/Ruoi-3.jpg\" class=\"attachment-original size-original\" alt=\"R\u01af\u1ee2U G\u1ea0O AN NAM\" decoding=\"async\" loading=\"lazy\" srcset=\"https:\/\/htxdvnncuuan.com.vn\/wp-content\/uploads\/2024\/09\/Ruoi-3.jpg 960w, https:\/\/htxdvnncuuan.com.vn\/wp-content\/uploads\/2024\/09\/Ruoi-3-768x1024.jpg 768w, https:\/\/htxdvnncuuan.com.vn\/wp-content\/uploads\/2024\/09\/Ruoi-3-510x680.jpg 510w\" sizes=\"(max-width: 960px) 100vw, 960px\" title=\"R\u01af\u1ee2U G\u1ea0O AN NAM\" \/>\t\t\t\t\t\t\t\t\t<\/a>\n\t\t\t\t\t\t\t\t\t<div class=\"overlay fill\" style=\"background-color: rgba(255, 255, 255, 0.28)\"><\/div>\t\t\t\t\t\t\t\t\t \t\t\t\t\t\t\t\t<\/div>\n\t\t\t\t\t\t\t\t<div class=\"image-tools top right show-on-hover\">\n\t\t\t\t\t\t\t\t\t\t\t\t\t\t\t\t\t<\/div>\n\t\t\t\t\t\t\t\t\t\t\t\t\t\t\t\t\t<div class=\"image-tools grid-tools text-center hide-for-small bottom hover-slide-in show-on-hover\">\n\t\t\t\t\t\t\t\t\t\t\t\t\t\t\t\t\t\t\t<\/div>\n\t\t\t\t\t\t\t\t\t\t\t\t\t\t\t\t\t\t\t\t\t\t\t<\/div>\n\n\t\t\t\t\t\t\t<div class=\"box-text text-center\" >\n\t\t\t\t\t\t\t\t<div class=\"title-wrapper\"><p class=\"name product-title woocommerce-loop-product__title\"><a href=\"https:\/\/htxdvnncuuan.com.vn\/?product=ruou-gao-an-nam\" class=\"woocommerce-LoopProduct-link woocommerce-loop-product__link\">R\u01af\u1ee2U G\u1ea0O AN NAM<\/a><\/p><\/div><div class=\"price-wrapper\">\n<\/div><div class=\"add-to-cart-button\"><a href=\"https:\/\/htxdvnncuuan.com.vn\/?product=ruou-gao-an-nam\" data-quantity=\"1\" class=\"primary is-small mb-0 button product_type_simple is-flat\" data-product_id=\"995\" data-product_sku=\"\" aria-label=\"\u0110\u1ecdc th\u00eam v\u1ec1 &ldquo;R\u01af\u1ee2U G\u1ea0O AN NAM&rdquo;\" aria-describedby=\"\" rel=\"nofollow\">\u0110\u1ecdc ti\u1ebfp<\/a><\/div>\t\t\t\t\t\t\t<\/div>\n\t\t\t\t\t\t<\/div>\n\t\t\t\t\t\t<\/div>\n\t\t\t\t\t<\/div><\/div>\n\t<div id=\"gap-871917904\" class=\"gap-element clearfix\" style=\"display:block; height:auto;\">\n\t\t\n<style>\n#gap-871917904 {\n  padding-top: 12px;\n}\n<\/style>\n\t<\/div>\n\t\n<a rel=\"noopener noreferrer\" href=\"#\" target=\"_blank\" class=\"button primary is-outline lowercase\"  style=\"border-radius:99px;\">\n    <span>Xem th\u00eam<\/span>\n  <\/a>\n\n\t\t<\/div>\n\t\t\t\t\t<\/div>\n\n\t\n<\/div>\n\t\t<\/div>\n\n\t\t\n<style>\n#section_781257583 {\n  padding-top: 30px;\n  padding-bottom: 30px;\n  background-color: rgb(255, 255, 255);\n}\n<\/style>\n\t<\/section>\n\t\n\t<section class=\"section album-hinh-anh\" id=\"section_483171956\">\n\t\t<div class=\"bg section-bg fill bg-fill bg-loaded \" >\n\n\t\t\t\n\t\t\t\n\t\t\t\n\n\t\t<\/div>\n\n\t\t\n\n\t\t<div class=\"section-content relative\">\n\t\t\t\n<div class=\"row row-small\"  id=\"row-124390152\">\n\n\t<div id=\"col-1707613211\" class=\"col small-12 large-12\"  >\n\t\t\t\t<div class=\"col-inner\"  >\n\t\t\t\n\t\t\t\n<div class=\"row\"  id=\"row-1890697341\">\n\n\t<div id=\"col-729985042\" class=\"col medium-9 small-12 large-9\"  >\n\t\t\t\t<div class=\"col-inner\"  >\n\t\t\t\n\t\t\t\n\n<div class=\"col-inner dark\">\n<h2 style=\"text-align: center;\"><strong>T\u01af V\u1ea4N H\u1ed6 TR\u1ee2<\/strong><\/h2>\n<p style=\"text-align: center;\">Li\u00ean h\u1ec7 v\u1edbi ch\u00fang t\u00f4i b\u1ea1n s\u1ebd \u0111\u01b0\u1ee3c gi\u1ea3i \u0111\u00e1p v\u00e0 t\u01b0 v\u1ea5n<\/p>\n<h2 style=\"text-align: center;\">0394123490<\/h2>\n<\/div>\n\n\t\t<\/div>\n\t\t\t\t\t<\/div>\n\n\t\n\n\t<div id=\"col-912305363\" class=\"col medium-3 small-12 large-3\"  >\n\t\t\t\t<div class=\"col-inner\"  >\n\t\t\t\n\t\t\t\n<a href=\"tel:0988649468\" target=\"_self\" class=\"button primary\"  style=\"border-radius:10px;\">\n  <i class=\"icon-phone\" aria-hidden=\"true\" ><\/i>  <span>Li\u00ean H\u1ec7 V\u1edbi CH\u00fang T\u00f4i<\/span>\n  <\/a>\n\n\t\t<\/div>\n\t\t\t\t\t<\/div>\n\n\t\n<\/div>\n\t\t<\/div>\n\t\t\t\t\t<\/div>\n\n\t\n<\/div>\n\t\t<\/div>\n\n\t\t\n<style>\n#section_483171956 {\n  padding-top: 30px;\n  padding-bottom: 30px;\n}\n#section_483171956 .section-bg.bg-loaded {\n  background-image: url(https:\/\/htxdvnncuuan.com.vn\/wp-content\/uploads\/2024\/09\/2-scaled.jpg);\n}\n<\/style>\n\t<\/section>\n\t\n","protected":false},"excerpt":{"rendered":"","protected":false},"author":4,"featured_media":0,"parent":0,"menu_order":0,"comment_status":"closed","ping_status":"open","template":"page-blank.php","meta":[],"_links":{"self":[{"href":"https:\/\/htxdvnncuuan.com.vn\/index.php?rest_route=\/wp\/v2\/pages\/2"}],"collection":[{"href":"https:\/\/htxdvnncuuan.com.vn\/index.php?rest_route=\/wp\/v2\/pages"}],"about":[{"href":"https:\/\/htxdvnncuuan.com.vn\/index.php?rest_route=\/wp\/v2\/types\/page"}],"author":[{"embeddable":true,"href":"https:\/\/htxdvnncuuan.com.vn\/index.php?rest_route=\/wp\/v2\/users\/4"}],"replies":[{"embeddable":true,"href":"https:\/\/htxdvnncuuan.com.vn\/index.php?rest_route=%2Fwp%2Fv2%2Fcomments&post=2"}],"version-history":[{"count":102,"href":"https:\/\/htxdvnncuuan.com.vn\/index.php?rest_route=\/wp\/v2\/pages\/2\/revisions"}],"predecessor-version":[{"id":1056,"href":"https:\/\/htxdvnncuuan.com.vn\/index.php?rest_route=\/wp\/v2\/pages\/2\/revisions\/1056"}],"wp:attachment":[{"href":"https:\/\/htxdvnncuuan.com.vn\/index.php?rest_route=%2Fwp%2Fv2%2Fmedia&parent=2"}],"curies":[{"name":"wp","href":"https:\/\/api.w.org\/{rel}","templated":true}]}}